{"id":11002,"date":"2011-12-07T11:40:08","date_gmt":"2011-12-07T10:40:08","guid":{"rendered":"http:\/\/www.surfingtheplanet.com\/?page_id=61"},"modified":"2015-12-11T12:14:17","modified_gmt":"2015-12-11T11:14:17","slug":"chi-siamo","status":"publish","type":"page","link":"https:\/\/www.surfingtheplanet.com\/it\/chi-siamo\/","title":{"rendered":"Noi"},"content":{"rendered":"<p style=\"text-align: justify;\">Siamo due <strong>matti viaggiatori<\/strong>. Ci piace viaggiare con lo zaino in spalla e pensiamo che <strong>qualsiasi luogo<\/strong> del mondo <strong>meriti<\/strong> la pena di <strong>essere visto<\/strong>.<\/p>\n<p style=\"text-align: justify;\">Quando viaggiamo cerchiamo di <strong>vivere<\/strong> come le <strong>persone locali<\/strong>, <strong>conoscer<\/strong>e appieno le diverse <strong>culture<\/strong> gli <strong>usi, costumi<\/strong> <strong>e tradizioni<\/strong> locali e dato che siamo due buone forchette ci piace particolarmente <strong>degustare i piatti tipici<\/strong> che sono parte integrante della cultura di un luogo. Abbiamo visto paesaggi incredibili, citt\u00e0 appassionanti ma ci\u00f2 che ci piace davvero \u00e8 scoprire <strong>luoghi insoliti<\/strong> che ricerchiamo in qualsiasi posto anche nella citt\u00e0 pi\u00f9 popolata.<\/p>\n<p style=\"text-align: justify;\">Questo <strong>blog \u00e8 nato<\/strong> nel 2012 in occasione del nostro <strong>viaggio attorno al mondo<\/strong>, un sogno fatto realt\u00e0. Attraverso il nostro blog cerchiamo di far viaggiare con noi il <strong>lettore<\/strong>, fargli <strong>scoprire luoghi nuovi<\/strong>, <strong>conoscere culture<\/strong>, <strong>usi e costumi<\/strong> diversi dai suoi ed <strong>aiutarlo<\/strong> nella <strong>scelta<\/strong> del suo <strong>prossimo viaggio<\/strong>.<\/p>\n<h2 style=\"text-align: justify;\">Rachele Cervaro<\/h2>\n<p><a href=\"https:\/\/cdn.surfingtheplanet.com\/wp-content\/uploads\/2012\/05\/DSC04906a.jpg?strip=all&w=2560\"><img decoding=\"async\" class=\"alignleft size-medium wp-image-1028\" src=\"https:\/\/cdn.surfingtheplanet.com\/wp-content\/uploads\/2012\/05\/DSC04906a-300x199.jpg?strip=all\" alt=\"Sognatrici a San JLuis - Brasile\" width=\"300\" height=\"199\" srcset=\"https:\/\/cdn.surfingtheplanet.com\/wp-content\/uploads\/2012\/05\/DSC04906a-300x199.jpg?strip=all 300w, https:\/\/cdn.surfingtheplanet.com\/wp-content\/uploads\/2012\/05\/DSC04906a.jpg?strip=all 1000w, https:\/\/cdn.surfingtheplanet.com\/wp-content\/uploads\/2012\/05\/DSC04906a.jpg?strip=all&amp;w=200 200w, https:\/\/cdn.surfingtheplanet.com\/wp-content\/uploads\/2012\/05\/DSC04906a.jpg?strip=all&amp;w=400 400w, https:\/\/cdn.surfingtheplanet.com\/wp-content\/uploads\/2012\/05\/DSC04906a.jpg?strip=all&amp;w=600 600w, https:\/\/cdn.surfingtheplanet.com\/wp-content\/uploads\/2012\/05\/DSC04906a.jpg?strip=all&amp;w=800 800w\" sizes=\"(max-width: 300px) 100vw, 300px\" \/><\/a>Sono italiana, esperta in <strong>Marketing Digitale<\/strong> e <strong>E-Commerce<\/strong>, negli ultimi anni mi sono concentrata nel <strong>marketing turistico<\/strong>. Sono una <strong>viaggiatrice incallita<\/strong>, ho iniziato a viaggiare da sola a 19 anni. Il mio primo grande viaggio in <strong>solitaria<\/strong> \u00e8 stato il <strong>Rajasthan<\/strong> in <strong>India<\/strong>. Ho viaggiato in pi\u00f9 di 30 paesi, e vissuto in 3 paesi diversi. Quello che mi piace di pi\u00f9 di un viaggio \u00e8 scoprire luoghi nuovi, conoscere la cultura locale e le feste tradizionali nelle quali cerco sempre di immedesimarmi.<\/p>\n<p style=\"text-align: justify;\">Nel 2010 ho trovato G\u00e1bor un compagno di viaggio talmente matto che come me aveva l\u2019idea di fare il <strong>giro del mondo<\/strong>, cos\u00ec nel 2012 abbiamo lasciato \u201ccasa e campi\u201d e siamo partiti per <strong>17 mesi di viaggio<\/strong> attraverso 3 continenti: <strong>Sud America<\/strong>, <strong>Oceania<\/strong> e <strong>Sud Est Asiatico<\/strong>.<\/p>\n<h2 style=\"text-align: justify;\">G\u00e1bor Kov\u00e1cs<\/h2>\n<p><img decoding=\"async\" class=\"alignright\" src=\"https:\/\/cdn.surfingtheplanet.com\/wp-content\/uploads\/2014\/01\/Con-la-falda-300x199.jpg?strip=all\" alt=\"Surfing the Planet a Bagan- Birmania\" width=\"300\" height=\"199\" \/><\/p>\n<p style=\"text-align: justify;\">Sono Ungherese, mi piace molto la<strong> fotografia<\/strong> e sto costantemente approfondendo il tema. Fin da piccolo guardavo i cartoni animati di Willie Fog e tutte le trasmissioni di viaggio sognando con paesi e culture diverse. Molto presto decisi che <strong>avrei voluto vivere all\u2019estero<\/strong> ed anche questa fu una delle ragioni che mi spinsero a scegliere la carriera di ricercatore chimico. Ho <strong>viaggiato<\/strong> in pi\u00f9 di <strong>40 paesi<\/strong> e <strong>vissuto in 3 paesi diversi<\/strong>.<\/p>\n<p style=\"text-align: justify;\"><strong>Vivendo a Barcellona<\/strong> ho potuto \u201cassaporare\u201d <strong>diverse culture e tradizioni<\/strong>, delle quali alcune le <strong>ho fatte mie<\/strong>.<\/p>\n<p style=\"text-align: justify;\">Dopo aver conosciuto Rachele, con la quale condivido la passione dei viaggi, abbiamo lasciato tutto a Barcellona per fare il <strong>giro del mondo<\/strong>. La sensazione di <strong>libert\u00e0 che ti da il viaggio<\/strong> \u00e8 come una droga della quale <strong>sono dipendente<\/strong>.<\/p>\n<p>&nbsp;<\/p>\n","protected":false},"excerpt":{"rendered":"<p>Siamo due matti viaggiatori. Ci piace viaggiare con lo zaino in spalla e pensiamo che qualsiasi luogo del mondo meriti la pena di essere visto. Quando viaggiamo cerchiamo di vivere come le persone locali, conoscere appieno le diverse culture gli usi, costumi e tradizioni locali e dato che siamo due buone forchette ci piace particolarmente [&hellip;]<\/p>\n","protected":false},"author":3,"featured_media":1875,"parent":0,"menu_order":0,"comment_status":"open","ping_status":"open","template":"","meta":{"_genesis_hide_title":false,"_genesis_hide_breadcrumbs":false,"_genesis_hide_singular_image":false,"_genesis_hide_footer_widgets":false,"_genesis_custom_body_class":"","_genesis_custom_post_class":"","_genesis_layout":"","footnotes":""},"class_list":{"0":"post-11002","1":"page","2":"type-page","3":"status-publish","4":"has-post-thumbnail","6":"entry"},"yoast_head":"<!-- This site is optimized with the Yoast SEO plugin v27.5 - https:\/\/yoast.com\/product\/yoast-seo-wordpress\/ -->\n<title>Chi siamo<\/title>\n<meta name=\"description\" content=\"Chi sono quei due che viaggiano come pazzi Scoprilo!\" \/>\n<meta name=\"robots\" content=\"index, follow, max-snippet:-1, max-image-preview:large, max-video-preview:-1\" \/>\n<link rel=\"canonical\" href=\"https:\/\/www.surfingtheplanet.com\/it\/chi-siamo\/\" \/>\n<meta property=\"og:locale\" content=\"it_IT\" \/>\n<meta property=\"og:type\" content=\"article\" \/>\n<meta property=\"og:title\" content=\"Chi siamo\" \/>\n<meta property=\"og:description\" content=\"Chi sono quei due che viaggiano come pazzi Scoprilo!\" \/>\n<meta property=\"og:url\" content=\"https:\/\/www.surfingtheplanet.com\/it\/chi-siamo\/\" \/>\n<meta property=\"og:site_name\" content=\"Surfing the Planet\" \/>\n<meta property=\"article:publisher\" content=\"https:\/\/www.facebook.com\/surfingtheplanet\" \/>\n<meta property=\"article:modified_time\" content=\"2015-12-11T11:14:17+00:00\" \/>\n<meta property=\"og:image\" content=\"https:\/\/www.surfingtheplanet.com\/wp-content\/uploads\/2012\/10\/DSC3582a1.jpg\" \/>\n\t<meta property=\"og:image:width\" content=\"1000\" \/>\n\t<meta property=\"og:image:height\" content=\"664\" \/>\n\t<meta property=\"og:image:type\" content=\"image\/jpeg\" \/>\n<meta name=\"twitter:card\" content=\"summary_large_image\" \/>\n<meta name=\"twitter:site\" content=\"@surfingplanet\" \/>\n<meta name=\"twitter:label1\" content=\"Tempo di lettura stimato\" \/>\n\t<meta name=\"twitter:data1\" content=\"2 minuti\" \/>\n<script type=\"application\/ld+json\" class=\"yoast-schema-graph\">{\"@context\":\"https:\\\/\\\/schema.org\",\"@graph\":[{\"@type\":\"WebPage\",\"@id\":\"https:\\\/\\\/www.surfingtheplanet.com\\\/it\\\/chi-siamo\\\/\",\"url\":\"https:\\\/\\\/www.surfingtheplanet.com\\\/it\\\/chi-siamo\\\/\",\"name\":\"Chi siamo\",\"isPartOf\":{\"@id\":\"https:\\\/\\\/www.surfingtheplanet.com\\\/#website\"},\"primaryImageOfPage\":{\"@id\":\"https:\\\/\\\/www.surfingtheplanet.com\\\/it\\\/chi-siamo\\\/#primaryimage\"},\"image\":{\"@id\":\"https:\\\/\\\/www.surfingtheplanet.com\\\/it\\\/chi-siamo\\\/#primaryimage\"},\"thumbnailUrl\":\"https:\\\/\\\/cdn.surfingtheplanet.com\\\/wp-content\\\/uploads\\\/2012\\\/10\\\/DSC3582a1.jpg?strip=all\",\"datePublished\":\"2011-12-07T10:40:08+00:00\",\"dateModified\":\"2015-12-11T11:14:17+00:00\",\"description\":\"Chi sono quei due che viaggiano come pazzi Scoprilo!\",\"breadcrumb\":{\"@id\":\"https:\\\/\\\/www.surfingtheplanet.com\\\/it\\\/chi-siamo\\\/#breadcrumb\"},\"inLanguage\":\"it-IT\",\"potentialAction\":[{\"@type\":\"ReadAction\",\"target\":[\"https:\\\/\\\/www.surfingtheplanet.com\\\/it\\\/chi-siamo\\\/\"]}]},{\"@type\":\"ImageObject\",\"inLanguage\":\"it-IT\",\"@id\":\"https:\\\/\\\/www.surfingtheplanet.com\\\/it\\\/chi-siamo\\\/#primaryimage\",\"url\":\"https:\\\/\\\/cdn.surfingtheplanet.com\\\/wp-content\\\/uploads\\\/2012\\\/10\\\/DSC3582a1.jpg?strip=all\",\"contentUrl\":\"https:\\\/\\\/cdn.surfingtheplanet.com\\\/wp-content\\\/uploads\\\/2012\\\/10\\\/DSC3582a1.jpg?strip=all\",\"width\":1000,\"height\":664},{\"@type\":\"BreadcrumbList\",\"@id\":\"https:\\\/\\\/www.surfingtheplanet.com\\\/it\\\/chi-siamo\\\/#breadcrumb\",\"itemListElement\":[{\"@type\":\"ListItem\",\"position\":1,\"name\":\"Home\",\"item\":\"https:\\\/\\\/www.surfingtheplanet.com\\\/it\\\/\"},{\"@type\":\"ListItem\",\"position\":2,\"name\":\"Noi\"}]},{\"@type\":\"WebSite\",\"@id\":\"https:\\\/\\\/www.surfingtheplanet.com\\\/#website\",\"url\":\"https:\\\/\\\/www.surfingtheplanet.com\\\/\",\"name\":\"Surfing the Planet\",\"description\":\"Blog de viajes. Escapadas y grandes viajes\",\"publisher\":{\"@id\":\"https:\\\/\\\/www.surfingtheplanet.com\\\/#organization\"},\"potentialAction\":[{\"@type\":\"SearchAction\",\"target\":{\"@type\":\"EntryPoint\",\"urlTemplate\":\"https:\\\/\\\/www.surfingtheplanet.com\\\/?s={search_term_string}\"},\"query-input\":{\"@type\":\"PropertyValueSpecification\",\"valueRequired\":true,\"valueName\":\"search_term_string\"}}],\"inLanguage\":\"it-IT\"},{\"@type\":\"Organization\",\"@id\":\"https:\\\/\\\/www.surfingtheplanet.com\\\/#organization\",\"name\":\"Surfing the Planet\",\"url\":\"https:\\\/\\\/www.surfingtheplanet.com\\\/\",\"logo\":{\"@type\":\"ImageObject\",\"inLanguage\":\"it-IT\",\"@id\":\"https:\\\/\\\/www.surfingtheplanet.com\\\/#\\\/schema\\\/logo\\\/image\\\/\",\"url\":\"https:\\\/\\\/cdn.surfingtheplanet.com\\\/wp-content\\\/uploads\\\/2014\\\/03\\\/logo_newlayout21.png?strip=all\",\"contentUrl\":\"https:\\\/\\\/cdn.surfingtheplanet.com\\\/wp-content\\\/uploads\\\/2014\\\/03\\\/logo_newlayout21.png?strip=all\",\"width\":570,\"height\":110,\"caption\":\"Surfing the Planet\"},\"image\":{\"@id\":\"https:\\\/\\\/www.surfingtheplanet.com\\\/#\\\/schema\\\/logo\\\/image\\\/\"},\"sameAs\":[\"https:\\\/\\\/www.facebook.com\\\/surfingtheplanet\",\"https:\\\/\\\/x.com\\\/surfingplanet\",\"https:\\\/\\\/www.instagram.com\\\/surfingplanet\\\/\",\"https:\\\/\\\/www.pinterest.com\\\/surfingplanet\",\"https:\\\/\\\/www.youtube.com\\\/user\\\/SurfingThePlanet\"]}]}<\/script>\n<!-- \/ Yoast SEO plugin. -->","yoast_head_json":{"title":"Chi siamo","description":"Chi sono quei due che viaggiano come pazzi Scoprilo!","robots":{"index":"index","follow":"follow","max-snippet":"max-snippet:-1","max-image-preview":"max-image-preview:large","max-video-preview":"max-video-preview:-1"},"canonical":"https:\/\/www.surfingtheplanet.com\/it\/chi-siamo\/","og_locale":"it_IT","og_type":"article","og_title":"Chi siamo","og_description":"Chi sono quei due che viaggiano come pazzi Scoprilo!","og_url":"https:\/\/www.surfingtheplanet.com\/it\/chi-siamo\/","og_site_name":"Surfing the Planet","article_publisher":"https:\/\/www.facebook.com\/surfingtheplanet","article_modified_time":"2015-12-11T11:14:17+00:00","og_image":[{"width":1000,"height":664,"url":"https:\/\/www.surfingtheplanet.com\/wp-content\/uploads\/2012\/10\/DSC3582a1.jpg","type":"image\/jpeg"}],"twitter_card":"summary_large_image","twitter_site":"@surfingplanet","twitter_misc":{"Tempo di lettura stimato":"2 minuti"},"schema":{"@context":"https:\/\/schema.org","@graph":[{"@type":"WebPage","@id":"https:\/\/www.surfingtheplanet.com\/it\/chi-siamo\/","url":"https:\/\/www.surfingtheplanet.com\/it\/chi-siamo\/","name":"Chi siamo","isPartOf":{"@id":"https:\/\/www.surfingtheplanet.com\/#website"},"primaryImageOfPage":{"@id":"https:\/\/www.surfingtheplanet.com\/it\/chi-siamo\/#primaryimage"},"image":{"@id":"https:\/\/www.surfingtheplanet.com\/it\/chi-siamo\/#primaryimage"},"thumbnailUrl":"https:\/\/cdn.surfingtheplanet.com\/wp-content\/uploads\/2012\/10\/DSC3582a1.jpg?strip=all","datePublished":"2011-12-07T10:40:08+00:00","dateModified":"2015-12-11T11:14:17+00:00","description":"Chi sono quei due che viaggiano come pazzi Scoprilo!","breadcrumb":{"@id":"https:\/\/www.surfingtheplanet.com\/it\/chi-siamo\/#breadcrumb"},"inLanguage":"it-IT","potentialAction":[{"@type":"ReadAction","target":["https:\/\/www.surfingtheplanet.com\/it\/chi-siamo\/"]}]},{"@type":"ImageObject","inLanguage":"it-IT","@id":"https:\/\/www.surfingtheplanet.com\/it\/chi-siamo\/#primaryimage","url":"https:\/\/cdn.surfingtheplanet.com\/wp-content\/uploads\/2012\/10\/DSC3582a1.jpg?strip=all","contentUrl":"https:\/\/cdn.surfingtheplanet.com\/wp-content\/uploads\/2012\/10\/DSC3582a1.jpg?strip=all","width":1000,"height":664},{"@type":"BreadcrumbList","@id":"https:\/\/www.surfingtheplanet.com\/it\/chi-siamo\/#breadcrumb","itemListElement":[{"@type":"ListItem","position":1,"name":"Home","item":"https:\/\/www.surfingtheplanet.com\/it\/"},{"@type":"ListItem","position":2,"name":"Noi"}]},{"@type":"WebSite","@id":"https:\/\/www.surfingtheplanet.com\/#website","url":"https:\/\/www.surfingtheplanet.com\/","name":"Surfing the Planet","description":"Blog de viajes. Escapadas y grandes viajes","publisher":{"@id":"https:\/\/www.surfingtheplanet.com\/#organization"},"potentialAction":[{"@type":"SearchAction","target":{"@type":"EntryPoint","urlTemplate":"https:\/\/www.surfingtheplanet.com\/?s={search_term_string}"},"query-input":{"@type":"PropertyValueSpecification","valueRequired":true,"valueName":"search_term_string"}}],"inLanguage":"it-IT"},{"@type":"Organization","@id":"https:\/\/www.surfingtheplanet.com\/#organization","name":"Surfing the Planet","url":"https:\/\/www.surfingtheplanet.com\/","logo":{"@type":"ImageObject","inLanguage":"it-IT","@id":"https:\/\/www.surfingtheplanet.com\/#\/schema\/logo\/image\/","url":"https:\/\/cdn.surfingtheplanet.com\/wp-content\/uploads\/2014\/03\/logo_newlayout21.png?strip=all","contentUrl":"https:\/\/cdn.surfingtheplanet.com\/wp-content\/uploads\/2014\/03\/logo_newlayout21.png?strip=all","width":570,"height":110,"caption":"Surfing the Planet"},"image":{"@id":"https:\/\/www.surfingtheplanet.com\/#\/schema\/logo\/image\/"},"sameAs":["https:\/\/www.facebook.com\/surfingtheplanet","https:\/\/x.com\/surfingplanet","https:\/\/www.instagram.com\/surfingplanet\/","https:\/\/www.pinterest.com\/surfingplanet","https:\/\/www.youtube.com\/user\/SurfingThePlanet"]}]}},"_links":{"self":[{"href":"https:\/\/www.surfingtheplanet.com\/it\/wp-json\/wp\/v2\/pages\/11002","targetHints":{"allow":["GET"]}}],"collection":[{"href":"https:\/\/www.surfingtheplanet.com\/it\/wp-json\/wp\/v2\/pages"}],"about":[{"href":"https:\/\/www.surfingtheplanet.com\/it\/wp-json\/wp\/v2\/types\/page"}],"author":[{"embeddable":true,"href":"https:\/\/www.surfingtheplanet.com\/it\/wp-json\/wp\/v2\/users\/3"}],"replies":[{"embeddable":true,"href":"https:\/\/www.surfingtheplanet.com\/it\/wp-json\/wp\/v2\/comments?post=11002"}],"version-history":[{"count":0,"href":"https:\/\/www.surfingtheplanet.com\/it\/wp-json\/wp\/v2\/pages\/11002\/revisions"}],"wp:featuredmedia":[{"embeddable":true,"href":"https:\/\/www.surfingtheplanet.com\/it\/wp-json\/wp\/v2\/media\/1875"}],"wp:attachment":[{"href":"https:\/\/www.surfingtheplanet.com\/it\/wp-json\/wp\/v2\/media?parent=11002"}],"curies":[{"name":"wp","href":"https:\/\/api.w.org\/{rel}","templated":true}]}}