{"id":11012,"date":"2013-08-27T10:02:24","date_gmt":"2013-08-27T08:02:24","guid":{"rendered":"http:\/\/www.surfingtheplanet.com\/?page_id=3971"},"modified":"2017-07-13T19:15:51","modified_gmt":"2017-07-13T17:15:51","slug":"guest-traveller-2","status":"publish","type":"page","link":"https:\/\/www.surfingtheplanet.com\/it\/guest-traveller-2\/","title":{"rendered":"Guest Traveller"},"content":{"rendered":"<p>Abbiamo iniziato a scrivere il blog di viaggi <a href=\"https:\/\/www.surfingtheplanet.com\/it\/guest-traveller-2\/\" target=\"_blank\">Surfing the Planet<\/a>\u00a0in occasione del nostro giro attorno al mondo affinch\u00e9 familiari ed amici vaggiassero con noi. Nel cammino molte persone si sono aggiunti ed hanno iniziato a seguire le nostre avventure.<\/p>\n<p>Pensiamo che condividere sia la cosa pi\u00fa importante in un viaggio e nella vita. Fino adesso abbiamo condiviso con te le nostre esperienze. Da adesso ci piacerebbe che <strong>ti sentissi parte della nostra famiglia &#8220;viaggiatrice&#8221; <\/strong>e per questo ti<strong> invitiamo a scrivere nel nostro blog Surfing the Planet<\/strong>.<\/p>\n<p>Attraverso i tuoi racconti, ci piacerebbe conoscere (e far conoscere agli altri lettori) la tua citt\u00e1, le feste tipiche del luogo dove sei nato o dove stai vivendo, i viaggi che ti hanno appassionato e tutto quello che pensi possa essere interessante per la nostra comunit\u00e1 di viaggiatori.<\/p>\n<p>Non occorre essere uno scrittore e nemmeno avere un blog personale, si direbbe che l&#8217;unica cosa di cui si ha bisogno \u00e8 un foglio ed una penna, ma in questo caso \u00e8 pi\u00fa appropriato dire un computer per scrivere ci\u00f3 che ti viene in mente.<\/p>\n<p>Siccome Surfing the Planet \u00e8 un blog senza scopo di lucro, in cambio dei tuoi articoli, ti offriamo il tuo author box e (se vuoi) un link al tuo blog o alla pagina delle tue reti sociali.<\/p>\n<p>Se vorresti scrivere di viaggi, far conoscere la tua citt\u00e1, raccontarci qualche festa popolare compila il formulario qui sotto e scrivici a grandi linee cosa ti piacerebbe scrivere.<\/p>\n<p>Con la tua collaborazione speriamo di poter conoscere e far apprezzare un po&#8217; di pi\u00fa di questo mondo meraviglioso!!<\/p>\n<p>Ti aspettiamo!!!<\/p>\n<p>[si-contact-form form=&#8217;2&#8242;]<\/p>\n","protected":false},"excerpt":{"rendered":"<p>Abbiamo iniziato a scrivere il blog di viaggi Surfing the Planet\u00a0in occasione del nostro giro attorno al mondo affinch\u00e9 familiari ed amici vaggiassero con noi. Nel cammino molte persone si sono aggiunti ed hanno iniziato a seguire le nostre avventure. Pensiamo che condividere sia la cosa pi\u00fa importante in un viaggio e nella vita. Fino [&hellip;]<\/p>\n","protected":false},"author":3,"featured_media":0,"parent":0,"menu_order":0,"comment_status":"open","ping_status":"open","template":"","meta":{"_genesis_hide_title":false,"_genesis_hide_breadcrumbs":false,"_genesis_hide_singular_image":false,"_genesis_hide_footer_widgets":false,"_genesis_custom_body_class":"","_genesis_custom_post_class":"","_genesis_layout":"","footnotes":""},"class_list":{"0":"post-11012","1":"page","2":"type-page","3":"status-publish","5":"entry"},"yoast_head":"<!-- This site is optimized with the Yoast SEO plugin v27.6 - https:\/\/yoast.com\/product\/yoast-seo-wordpress\/ -->\n<title>Guest Traveller<\/title>\n<meta name=\"description\" content=\"Diventa Travel Blogger, Surfing the Planet \u00e8 sempre lieto di ospitare altri appassionati di viaggi desiderosi di condividere le loro esperienze\" \/>\n<meta name=\"robots\" content=\"index, follow, max-snippet:-1, max-image-preview:large, max-video-preview:-1\" \/>\n<link rel=\"canonical\" href=\"https:\/\/www.surfingtheplanet.com\/it\/guest-traveller-2\/\" \/>\n<meta property=\"og:locale\" content=\"it_IT\" \/>\n<meta property=\"og:type\" content=\"article\" \/>\n<meta property=\"og:title\" content=\"Guest Traveller\" \/>\n<meta property=\"og:description\" content=\"Diventa Travel Blogger, Surfing the Planet \u00e8 sempre lieto di ospitare altri appassionati di viaggi desiderosi di condividere le loro esperienze\" \/>\n<meta property=\"og:url\" content=\"https:\/\/www.surfingtheplanet.com\/it\/guest-traveller-2\/\" \/>\n<meta property=\"og:site_name\" content=\"Surfing the Planet\" \/>\n<meta property=\"article:publisher\" content=\"https:\/\/www.facebook.com\/surfingtheplanet\" \/>\n<meta property=\"article:modified_time\" content=\"2017-07-13T17:15:51+00:00\" \/>\n<meta name=\"twitter:card\" content=\"summary_large_image\" \/>\n<meta name=\"twitter:site\" content=\"@surfingplanet\" \/>\n<meta name=\"twitter:label1\" content=\"Tempo di lettura stimato\" \/>\n\t<meta name=\"twitter:data1\" content=\"1 minuto\" \/>\n<script type=\"application\/ld+json\" class=\"yoast-schema-graph\">{\"@context\":\"https:\\\/\\\/schema.org\",\"@graph\":[{\"@type\":\"WebPage\",\"@id\":\"https:\\\/\\\/www.surfingtheplanet.com\\\/it\\\/guest-traveller-2\\\/\",\"url\":\"https:\\\/\\\/www.surfingtheplanet.com\\\/it\\\/guest-traveller-2\\\/\",\"name\":\"Guest Traveller\",\"isPartOf\":{\"@id\":\"https:\\\/\\\/www.surfingtheplanet.com\\\/#website\"},\"datePublished\":\"2013-08-27T08:02:24+00:00\",\"dateModified\":\"2017-07-13T17:15:51+00:00\",\"description\":\"Diventa Travel Blogger, Surfing the Planet \u00e8 sempre lieto di ospitare altri appassionati di viaggi desiderosi di condividere le loro esperienze\",\"breadcrumb\":{\"@id\":\"https:\\\/\\\/www.surfingtheplanet.com\\\/it\\\/guest-traveller-2\\\/#breadcrumb\"},\"inLanguage\":\"it-IT\",\"potentialAction\":[{\"@type\":\"ReadAction\",\"target\":[\"https:\\\/\\\/www.surfingtheplanet.com\\\/it\\\/guest-traveller-2\\\/\"]}]},{\"@type\":\"BreadcrumbList\",\"@id\":\"https:\\\/\\\/www.surfingtheplanet.com\\\/it\\\/guest-traveller-2\\\/#breadcrumb\",\"itemListElement\":[{\"@type\":\"ListItem\",\"position\":1,\"name\":\"Home\",\"item\":\"https:\\\/\\\/www.surfingtheplanet.com\\\/it\\\/\"},{\"@type\":\"ListItem\",\"position\":2,\"name\":\"Guest Traveller\"}]},{\"@type\":\"WebSite\",\"@id\":\"https:\\\/\\\/www.surfingtheplanet.com\\\/#website\",\"url\":\"https:\\\/\\\/www.surfingtheplanet.com\\\/\",\"name\":\"Surfing the Planet\",\"description\":\"Blog de viajes. Escapadas y grandes viajes\",\"publisher\":{\"@id\":\"https:\\\/\\\/www.surfingtheplanet.com\\\/#organization\"},\"potentialAction\":[{\"@type\":\"SearchAction\",\"target\":{\"@type\":\"EntryPoint\",\"urlTemplate\":\"https:\\\/\\\/www.surfingtheplanet.com\\\/?s={search_term_string}\"},\"query-input\":{\"@type\":\"PropertyValueSpecification\",\"valueRequired\":true,\"valueName\":\"search_term_string\"}}],\"inLanguage\":\"it-IT\"},{\"@type\":\"Organization\",\"@id\":\"https:\\\/\\\/www.surfingtheplanet.com\\\/#organization\",\"name\":\"Surfing the Planet\",\"url\":\"https:\\\/\\\/www.surfingtheplanet.com\\\/\",\"logo\":{\"@type\":\"ImageObject\",\"inLanguage\":\"it-IT\",\"@id\":\"https:\\\/\\\/www.surfingtheplanet.com\\\/#\\\/schema\\\/logo\\\/image\\\/\",\"url\":\"https:\\\/\\\/cdn.surfingtheplanet.com\\\/wp-content\\\/uploads\\\/2014\\\/03\\\/logo_newlayout21.png?strip=all\",\"contentUrl\":\"https:\\\/\\\/cdn.surfingtheplanet.com\\\/wp-content\\\/uploads\\\/2014\\\/03\\\/logo_newlayout21.png?strip=all\",\"width\":570,\"height\":110,\"caption\":\"Surfing the Planet\"},\"image\":{\"@id\":\"https:\\\/\\\/www.surfingtheplanet.com\\\/#\\\/schema\\\/logo\\\/image\\\/\"},\"sameAs\":[\"https:\\\/\\\/www.facebook.com\\\/surfingtheplanet\",\"https:\\\/\\\/x.com\\\/surfingplanet\",\"https:\\\/\\\/www.instagram.com\\\/surfingplanet\\\/\",\"https:\\\/\\\/www.pinterest.com\\\/surfingplanet\",\"https:\\\/\\\/www.youtube.com\\\/user\\\/SurfingThePlanet\"]}]}<\/script>\n<!-- \/ Yoast SEO plugin. -->","yoast_head_json":{"title":"Guest Traveller","description":"Diventa Travel Blogger, Surfing the Planet \u00e8 sempre lieto di ospitare altri appassionati di viaggi desiderosi di condividere le loro esperienze","robots":{"index":"index","follow":"follow","max-snippet":"max-snippet:-1","max-image-preview":"max-image-preview:large","max-video-preview":"max-video-preview:-1"},"canonical":"https:\/\/www.surfingtheplanet.com\/it\/guest-traveller-2\/","og_locale":"it_IT","og_type":"article","og_title":"Guest Traveller","og_description":"Diventa Travel Blogger, Surfing the Planet \u00e8 sempre lieto di ospitare altri appassionati di viaggi desiderosi di condividere le loro esperienze","og_url":"https:\/\/www.surfingtheplanet.com\/it\/guest-traveller-2\/","og_site_name":"Surfing the Planet","article_publisher":"https:\/\/www.facebook.com\/surfingtheplanet","article_modified_time":"2017-07-13T17:15:51+00:00","twitter_card":"summary_large_image","twitter_site":"@surfingplanet","twitter_misc":{"Tempo di lettura stimato":"1 minuto"},"schema":{"@context":"https:\/\/schema.org","@graph":[{"@type":"WebPage","@id":"https:\/\/www.surfingtheplanet.com\/it\/guest-traveller-2\/","url":"https:\/\/www.surfingtheplanet.com\/it\/guest-traveller-2\/","name":"Guest Traveller","isPartOf":{"@id":"https:\/\/www.surfingtheplanet.com\/#website"},"datePublished":"2013-08-27T08:02:24+00:00","dateModified":"2017-07-13T17:15:51+00:00","description":"Diventa Travel Blogger, Surfing the Planet \u00e8 sempre lieto di ospitare altri appassionati di viaggi desiderosi di condividere le loro esperienze","breadcrumb":{"@id":"https:\/\/www.surfingtheplanet.com\/it\/guest-traveller-2\/#breadcrumb"},"inLanguage":"it-IT","potentialAction":[{"@type":"ReadAction","target":["https:\/\/www.surfingtheplanet.com\/it\/guest-traveller-2\/"]}]},{"@type":"BreadcrumbList","@id":"https:\/\/www.surfingtheplanet.com\/it\/guest-traveller-2\/#breadcrumb","itemListElement":[{"@type":"ListItem","position":1,"name":"Home","item":"https:\/\/www.surfingtheplanet.com\/it\/"},{"@type":"ListItem","position":2,"name":"Guest Traveller"}]},{"@type":"WebSite","@id":"https:\/\/www.surfingtheplanet.com\/#website","url":"https:\/\/www.surfingtheplanet.com\/","name":"Surfing the Planet","description":"Blog de viajes. Escapadas y grandes viajes","publisher":{"@id":"https:\/\/www.surfingtheplanet.com\/#organization"},"potentialAction":[{"@type":"SearchAction","target":{"@type":"EntryPoint","urlTemplate":"https:\/\/www.surfingtheplanet.com\/?s={search_term_string}"},"query-input":{"@type":"PropertyValueSpecification","valueRequired":true,"valueName":"search_term_string"}}],"inLanguage":"it-IT"},{"@type":"Organization","@id":"https:\/\/www.surfingtheplanet.com\/#organization","name":"Surfing the Planet","url":"https:\/\/www.surfingtheplanet.com\/","logo":{"@type":"ImageObject","inLanguage":"it-IT","@id":"https:\/\/www.surfingtheplanet.com\/#\/schema\/logo\/image\/","url":"https:\/\/cdn.surfingtheplanet.com\/wp-content\/uploads\/2014\/03\/logo_newlayout21.png?strip=all","contentUrl":"https:\/\/cdn.surfingtheplanet.com\/wp-content\/uploads\/2014\/03\/logo_newlayout21.png?strip=all","width":570,"height":110,"caption":"Surfing the Planet"},"image":{"@id":"https:\/\/www.surfingtheplanet.com\/#\/schema\/logo\/image\/"},"sameAs":["https:\/\/www.facebook.com\/surfingtheplanet","https:\/\/x.com\/surfingplanet","https:\/\/www.instagram.com\/surfingplanet\/","https:\/\/www.pinterest.com\/surfingplanet","https:\/\/www.youtube.com\/user\/SurfingThePlanet"]}]}},"_links":{"self":[{"href":"https:\/\/www.surfingtheplanet.com\/it\/wp-json\/wp\/v2\/pages\/11012","targetHints":{"allow":["GET"]}}],"collection":[{"href":"https:\/\/www.surfingtheplanet.com\/it\/wp-json\/wp\/v2\/pages"}],"about":[{"href":"https:\/\/www.surfingtheplanet.com\/it\/wp-json\/wp\/v2\/types\/page"}],"author":[{"embeddable":true,"href":"https:\/\/www.surfingtheplanet.com\/it\/wp-json\/wp\/v2\/users\/3"}],"replies":[{"embeddable":true,"href":"https:\/\/www.surfingtheplanet.com\/it\/wp-json\/wp\/v2\/comments?post=11012"}],"version-history":[{"count":0,"href":"https:\/\/www.surfingtheplanet.com\/it\/wp-json\/wp\/v2\/pages\/11012\/revisions"}],"wp:attachment":[{"href":"https:\/\/www.surfingtheplanet.com\/it\/wp-json\/wp\/v2\/media?parent=11012"}],"curies":[{"name":"wp","href":"https:\/\/api.w.org\/{rel}","templated":true}]}}