{"id":14019,"date":"2016-05-02T17:09:48","date_gmt":"2016-05-02T15:09:48","guid":{"rendered":"http:\/\/www.surfingtheplanet.com\/it\/medios\/"},"modified":"2021-01-15T19:46:21","modified_gmt":"2021-01-15T18:46:21","slug":"creazione-contenuti","status":"publish","type":"page","link":"https:\/\/www.surfingtheplanet.com\/it\/creazione-contenuti\/","title":{"rendered":"Collaborazione con mezzi di comunicazione"},"content":{"rendered":"<p>Surfing the Planet collabora anche con altri mezzi di comunicazione, como quotidiani online e portali di viaggio. \u00a0A continuazione riportiamo alcuni degli articoli pubblicati.<\/p>\n<p>Scriviamo per il portale on-line\u00a0<strong>Blitz Quotidiano<\/strong><\/p>\n<ul>\n<li><a href=\"http:\/\/www.blitzquotidiano.it\/viaggi-e-turismo\/una-passeggiata-per-verona-2353726\/\" target=\"_blank\" rel=\"noopener\">Una passeggiata per Verona: cosa vedere<\/a><\/li>\n<li><a href=\"http:\/\/www.blitzquotidiano.it\/viaggi-e-turismo\/isole-figi-la-perla-del-pacifico-2320830\/\" target=\"_blank\" rel=\"noopener\">Figi, la Perla del Pacifico<\/a><\/li>\n<li><a href=\"http:\/\/www.blitzquotidiano.it\/viaggi-e-turismo\/2411893-2411893\/\" target=\"_blank\" rel=\"noopener\">La Malesia e l\u2019isola di Perhentian Kecil<\/a><\/li>\n<li><a href=\"http:\/\/www.blitzquotidiano.it\/viaggi-e-turismo\/trekking-nella-terra-di-mordor-2338011\/\" target=\"_blank\" rel=\"noopener\">Trekking nella terra di Mordor, viaggio in Nuova Zelanda<\/a><\/li>\n<li><a href=\"http:\/\/www.blitzquotidiano.it\/viaggi-e-turismo\/viaggio-argentina-itinerari-ushuaia-e-terra-del-fuoco-2307685\/\" target=\"_blank\" rel=\"noopener\">Viaggio Argentina, itinerario Patagonia: Terra del Fuoco<\/a><\/li>\n<\/ul>\n<p>Scriviamo per il blog di\u00a0<strong>Goodyear<\/strong><\/p>\n<ul>\n<li><a href=\"http:\/\/kilometrosquecuentan.com\/que-ver-valencia\/\" target=\"_blank\" rel=\"noopener\">Que ver y hacer en Valencia<\/a><\/li>\n<li><a href=\"http:\/\/kilometrosquecuentan.com\/turismo-tarragona\/\" target=\"_blank\" rel=\"noopener\">Turismo en Tarragona: planes e ideas para disfrutar del turismo activo en el Priorat<\/a><\/li>\n<li><a href=\"http:\/\/kilometrosquecuentan.com\/visitar-castillo-loarre\/\" target=\"_blank\" rel=\"noopener\">Ideas para visitar el Castillo de Loarre, escenario de \u201cEl reino de los cielos\u201d<\/a><\/li>\n<li><a href=\"http:\/\/kilometrosquecuentan.com\/mejor-paella-valencia\/\" target=\"_blank\" rel=\"noopener\">La mejor paella de Valencia, en la Barraca de Toni Montoli\u00fa<\/a><\/li>\n<\/ul>\n<p>Abbiamo dato una conferenza su &#8220;La vuelta al mundo en 17 meses&#8221; en la <strong>Jornada de los Grandes Viajes 2016<\/strong> di Barcelona<\/p>\n<p>Partecipazione ad un post collaborativo nel blog di viaggi \u201cA Passion and A Passport\u201d<\/p>\n<p>Partecipazione ad un post collaborativo nel blog di viaggi <a href=\"http:\/\/guessthiscity.com\/pictures-from-planes\/\">\u201cGuess this City\u201d<\/a><\/p>\n<p>Partecipazione ad un post collaborativo nel blog di viaggi\u00a0<a href=\"http:\/\/travelphotodiscovery.com\/travel-bloggers-share-their-favorite-unesco-historic-monuments-and-architectural-wonders\/\">\u201cTravel Photo Discovery\u201d<\/a><\/p>\n<p>Scriviamo per il famoso blog di viaggi Ungherese \u201c<strong>Vil\u00e1gutaz\u00f3<\/strong>\u201d.<\/p>\n<ul>\n<li><a href=\"http:\/\/vilagutazo.net\/kaland\/2014\/03\/19\/surfing-the-planet-egy-fiatal-par-vilagkoruli-tortenetei\/\">Surfing the planet \u2013 egy fiatal p\u00e1r vil\u00e1gk\u00f6r\u00fcli t\u00f6rt\u00e9netei<\/a><\/li>\n<li><a href=\"http:\/\/vilagutazo.net\/kepekben\/2014\/03\/25\/tuzfold-argentina-es-chile-talalkozasa\/\">T\u0171zf\u00f6ld: Argent\u00edna \u00e9s Chile \u201ctal\u00e1lkoz\u00e1sa\u201d<\/a><\/li>\n<li><a href=\"http:\/\/vilagutazo.blog.hu\/2014\/03\/31\/kalandok_az_amazonas_dzsungeleben\">Kalandok az Amazonas dzsungel\u00e9ben<\/a><\/li>\n<li><a href=\"http:\/\/vilagutazo.net\/kepekben\/2014\/04\/04\/beagle-csatorna-hajozas-a-vilagvegen\/\">Beagle-csatorna: Haj\u00f3z\u00e1s a vil\u00e1gv\u00e9g\u00e9n<\/a><\/li>\n<li><a href=\"http:\/\/vilagutazo.blog.hu\/2014\/04\/10\/teli_tura_mordor_foldjen\">T\u00e9li t\u00fara Mordor f\u00f6ldj\u00e9n<\/a><\/li>\n<li><a href=\"http:\/\/vilagutazo.net\/kepekben\/2014\/04\/08\/rio-de-janeiro-latkepek-del-amerika-legizgalmasabb-varosarol\/\">Rio de Janeiro \u2013 L\u00e1tk\u00e9pek D\u00e9l-Amerika legizgalmasabb v\u00e1ros\u00e1r\u00f3l<\/a><\/li>\n<li><a href=\"http:\/\/vilagutazo.net\/kepekben\/2014\/04\/18\/perhentian-szigetek-malajzia\/\">Perhentian-szigetek, Malajzia<\/a><\/li>\n<li><a href=\"http:\/\/vilagutazo.blog.hu\/2014\/04\/23\/hetkoznapok_a_kecsua_indianok_kozott\">H\u00e9tk\u00f6znapok a kecsua indi\u00e1nok k\u00f6z\u00f6tt<\/a><\/li>\n<li><a href=\"http:\/\/vilagutazo.net\/kepekben\/2014\/04\/28\/verona-a-szerelem-varosa\/\">Verona, a szerelem v\u00e1rosa<\/a><\/li>\n<li><a href=\"http:\/\/vilagutazo.net\/kepekben\/2014\/05\/07\/fidzsi-a-csendes-ocean-gyongye\/\">Fidzsi: A Csendes-\u00f3ce\u00e1n gy\u00f6ngye<\/a><\/li>\n<li><a href=\"http:\/\/vilagutazo.net\/kaland\/2014\/05\/09\/surfing-the-planet-egy-vilagkoruli-ut-kulisszatitkai-a-dontes\/\">Surfing the Planet \u2013 Egy vil\u00e1gk\u00f6r\u00fcli \u00fat kulisszatitkai: A d\u00f6nt\u00e9s<\/a><\/li>\n<li><a href=\"http:\/\/vilagutazo.net\/kepekben\/2014\/05\/12\/lenyugozo-varak-es-kastelyok-europaban-i\/\">Leny\u0171g\u00f6z\u0151 v\u00e1rak \u00e9s kast\u00e9lyok Eur\u00f3p\u00e1ban I.<\/a><\/li>\n<li><a href=\"http:\/\/vilagutazo.net\/kaland\/2014\/05\/15\/surfing-the-planet-egy-vilagkoruli-ut-kulisszatitkai-az-utvonal-kijelolese\/\">Surfing the Planet \u2013 Egy vil\u00e1gk\u00f6r\u00fcli \u00fat kulisszatitkai: Az \u00fatvonal kijel\u00f6l\u00e9se<\/a><\/li>\n<li><a href=\"http:\/\/vilagutazo.net\/kepekben\/2014\/05\/22\/lenyugozo-varak-es-kastelyok-europaban-ii\/\">Leny\u0171g\u00f6z\u0151 v\u00e1rak \u00e9s kast\u00e9lyok Eur\u00f3p\u00e1ban II.<\/a><\/li>\n<li><a href=\"http:\/\/vilagutazo.net\/kepekben\/2014\/05\/27\/21-kihagyhatatlan-latnivalo-romaban\/\">21 kihagyhatatlan l\u00e1tnival\u00f3 R\u00f3m\u00e1ban<\/a><\/li>\n<li><a href=\"http:\/\/vilagutazo.net\/kaland\/2014\/05\/30\/surfing-the-planet-egy-vilagkoruli-ut-kulisszatitkai-a-repulojegy\/\">Surfing the Planet \u2013 Egy vil\u00e1gk\u00f6r\u00fcli \u00fat kulisszatitkai: A rep\u00fcl\u0151jegy<\/a><\/li>\n<li><a href=\"http:\/\/vilagutazo.net\/kaland\/2014\/06\/11\/surfing-the-planet-egy-vilagkoruli-ut-kulisszatitkai-a-szallas\/\">Surfing the Planet \u2013 Egy vil\u00e1gk\u00f6r\u00fcli \u00fat kulisszatitkai: A sz\u00e1ll\u00e1s<\/a><\/li>\n<li><a href=\"http:\/\/vilagutazo.net\/kaland\/2014\/06\/28\/surfing-the-planet-egy-vilagkoruli-ut-kulisszatitkai-tippek-trukkok-egy-hosszu-utazashoz\/\">Surfing the Planet \u2013 Egy vil\u00e1gk\u00f6r\u00fcli \u00fat kulisszatitkai: Tippek, tr\u00fckk\u00f6k egy hossz\u00fa utaz\u00e1shoz<\/a><\/li>\n<li><a href=\"http:\/\/vilagutazo.net\/kaland\/2014\/07\/23\/surfing-the-planet-egy-vilagkoruli-ut-kulisszatitkai-egy-vilagkoruli-utazas-margojara\/\">Surfing the Planet \u2013 Egy vil\u00e1gk\u00f6r\u00fcli \u00fat kulisszatitkai: Egy vil\u00e1gk\u00f6r\u00fcli utaz\u00e1s marg\u00f3j\u00e1ra<\/a><\/li>\n<\/ul>\n","protected":false},"excerpt":{"rendered":"<p>Surfing the Planet collabora anche con altri mezzi di comunicazione, como quotidiani online e portali di viaggio. \u00a0A continuazione riportiamo alcuni degli articoli pubblicati. Scriviamo per il portale on-line\u00a0Blitz Quotidiano Una passeggiata per Verona: cosa vedere Figi, la Perla del Pacifico La Malesia e l\u2019isola di Perhentian Kecil Trekking nella terra di Mordor, viaggio in [&hellip;]<\/p>\n","protected":false},"author":3,"featured_media":0,"parent":0,"menu_order":0,"comment_status":"closed","ping_status":"closed","template":"","meta":{"_genesis_hide_title":false,"_genesis_hide_breadcrumbs":false,"_genesis_hide_singular_image":false,"_genesis_hide_footer_widgets":false,"_genesis_custom_body_class":"","_genesis_custom_post_class":"","_genesis_layout":"","footnotes":""},"class_list":{"0":"post-14019","1":"page","2":"type-page","3":"status-publish","5":"entry"},"yoast_head":"<!-- This site is optimized with the Yoast SEO plugin v27.6 - https:\/\/yoast.com\/product\/yoast-seo-wordpress\/ -->\n<title>Collaborazione con mezzi di comunicazione - Surfing the Planet<\/title>\n<meta name=\"robots\" content=\"index, nofollow, max-snippet:-1, max-image-preview:large, max-video-preview:-1\" \/>\n<link rel=\"canonical\" href=\"https:\/\/www.surfingtheplanet.com\/it\/creazione-contenuti\/\" \/>\n<meta property=\"og:locale\" content=\"it_IT\" \/>\n<meta property=\"og:type\" content=\"article\" \/>\n<meta property=\"og:title\" content=\"Collaborazione con mezzi di comunicazione - Surfing the Planet\" \/>\n<meta property=\"og:description\" content=\"Surfing the Planet collabora anche con altri mezzi di comunicazione, como quotidiani online e portali di viaggio. \u00a0A continuazione riportiamo alcuni degli articoli pubblicati. Scriviamo per il portale on-line\u00a0Blitz Quotidiano Una passeggiata per Verona: cosa vedere Figi, la Perla del Pacifico La Malesia e l\u2019isola di Perhentian Kecil Trekking nella terra di Mordor, viaggio in [&hellip;]\" \/>\n<meta property=\"og:url\" content=\"https:\/\/www.surfingtheplanet.com\/it\/creazione-contenuti\/\" \/>\n<meta property=\"og:site_name\" content=\"Surfing the Planet\" \/>\n<meta property=\"article:publisher\" content=\"https:\/\/www.facebook.com\/surfingtheplanet\" \/>\n<meta property=\"article:modified_time\" content=\"2021-01-15T18:46:21+00:00\" \/>\n<meta name=\"twitter:card\" content=\"summary_large_image\" \/>\n<meta name=\"twitter:site\" content=\"@surfingplanet\" \/>\n<meta name=\"twitter:label1\" content=\"Tempo di lettura stimato\" \/>\n\t<meta name=\"twitter:data1\" content=\"2 minuti\" \/>\n<script type=\"application\/ld+json\" class=\"yoast-schema-graph\">{\"@context\":\"https:\\\/\\\/schema.org\",\"@graph\":[{\"@type\":\"WebPage\",\"@id\":\"https:\\\/\\\/www.surfingtheplanet.com\\\/it\\\/creazione-contenuti\\\/\",\"url\":\"https:\\\/\\\/www.surfingtheplanet.com\\\/it\\\/creazione-contenuti\\\/\",\"name\":\"Collaborazione con mezzi di comunicazione - Surfing the Planet\",\"isPartOf\":{\"@id\":\"https:\\\/\\\/www.surfingtheplanet.com\\\/#website\"},\"datePublished\":\"2016-05-02T15:09:48+00:00\",\"dateModified\":\"2021-01-15T18:46:21+00:00\",\"breadcrumb\":{\"@id\":\"https:\\\/\\\/www.surfingtheplanet.com\\\/it\\\/creazione-contenuti\\\/#breadcrumb\"},\"inLanguage\":\"it-IT\",\"potentialAction\":[{\"@type\":\"ReadAction\",\"target\":[\"https:\\\/\\\/www.surfingtheplanet.com\\\/it\\\/creazione-contenuti\\\/\"]}]},{\"@type\":\"BreadcrumbList\",\"@id\":\"https:\\\/\\\/www.surfingtheplanet.com\\\/it\\\/creazione-contenuti\\\/#breadcrumb\",\"itemListElement\":[{\"@type\":\"ListItem\",\"position\":1,\"name\":\"Home\",\"item\":\"https:\\\/\\\/www.surfingtheplanet.com\\\/it\\\/\"},{\"@type\":\"ListItem\",\"position\":2,\"name\":\"Collaborazione con mezzi di comunicazione\"}]},{\"@type\":\"WebSite\",\"@id\":\"https:\\\/\\\/www.surfingtheplanet.com\\\/#website\",\"url\":\"https:\\\/\\\/www.surfingtheplanet.com\\\/\",\"name\":\"Surfing the Planet\",\"description\":\"Blog de viajes. Escapadas y grandes viajes\",\"publisher\":{\"@id\":\"https:\\\/\\\/www.surfingtheplanet.com\\\/#organization\"},\"potentialAction\":[{\"@type\":\"SearchAction\",\"target\":{\"@type\":\"EntryPoint\",\"urlTemplate\":\"https:\\\/\\\/www.surfingtheplanet.com\\\/?s={search_term_string}\"},\"query-input\":{\"@type\":\"PropertyValueSpecification\",\"valueRequired\":true,\"valueName\":\"search_term_string\"}}],\"inLanguage\":\"it-IT\"},{\"@type\":\"Organization\",\"@id\":\"https:\\\/\\\/www.surfingtheplanet.com\\\/#organization\",\"name\":\"Surfing the Planet\",\"url\":\"https:\\\/\\\/www.surfingtheplanet.com\\\/\",\"logo\":{\"@type\":\"ImageObject\",\"inLanguage\":\"it-IT\",\"@id\":\"https:\\\/\\\/www.surfingtheplanet.com\\\/#\\\/schema\\\/logo\\\/image\\\/\",\"url\":\"https:\\\/\\\/cdn.surfingtheplanet.com\\\/wp-content\\\/uploads\\\/2014\\\/03\\\/logo_newlayout21.png?strip=all\",\"contentUrl\":\"https:\\\/\\\/cdn.surfingtheplanet.com\\\/wp-content\\\/uploads\\\/2014\\\/03\\\/logo_newlayout21.png?strip=all\",\"width\":570,\"height\":110,\"caption\":\"Surfing the Planet\"},\"image\":{\"@id\":\"https:\\\/\\\/www.surfingtheplanet.com\\\/#\\\/schema\\\/logo\\\/image\\\/\"},\"sameAs\":[\"https:\\\/\\\/www.facebook.com\\\/surfingtheplanet\",\"https:\\\/\\\/x.com\\\/surfingplanet\",\"https:\\\/\\\/www.instagram.com\\\/surfingplanet\\\/\",\"https:\\\/\\\/www.pinterest.com\\\/surfingplanet\",\"https:\\\/\\\/www.youtube.com\\\/user\\\/SurfingThePlanet\"]}]}<\/script>\n<!-- \/ Yoast SEO plugin. -->","yoast_head_json":{"title":"Collaborazione con mezzi di comunicazione - Surfing the Planet","robots":{"index":"index","follow":"nofollow","max-snippet":"max-snippet:-1","max-image-preview":"max-image-preview:large","max-video-preview":"max-video-preview:-1"},"canonical":"https:\/\/www.surfingtheplanet.com\/it\/creazione-contenuti\/","og_locale":"it_IT","og_type":"article","og_title":"Collaborazione con mezzi di comunicazione - Surfing the Planet","og_description":"Surfing the Planet collabora anche con altri mezzi di comunicazione, como quotidiani online e portali di viaggio. \u00a0A continuazione riportiamo alcuni degli articoli pubblicati. Scriviamo per il portale on-line\u00a0Blitz Quotidiano Una passeggiata per Verona: cosa vedere Figi, la Perla del Pacifico La Malesia e l\u2019isola di Perhentian Kecil Trekking nella terra di Mordor, viaggio in [&hellip;]","og_url":"https:\/\/www.surfingtheplanet.com\/it\/creazione-contenuti\/","og_site_name":"Surfing the Planet","article_publisher":"https:\/\/www.facebook.com\/surfingtheplanet","article_modified_time":"2021-01-15T18:46:21+00:00","twitter_card":"summary_large_image","twitter_site":"@surfingplanet","twitter_misc":{"Tempo di lettura stimato":"2 minuti"},"schema":{"@context":"https:\/\/schema.org","@graph":[{"@type":"WebPage","@id":"https:\/\/www.surfingtheplanet.com\/it\/creazione-contenuti\/","url":"https:\/\/www.surfingtheplanet.com\/it\/creazione-contenuti\/","name":"Collaborazione con mezzi di comunicazione - Surfing the Planet","isPartOf":{"@id":"https:\/\/www.surfingtheplanet.com\/#website"},"datePublished":"2016-05-02T15:09:48+00:00","dateModified":"2021-01-15T18:46:21+00:00","breadcrumb":{"@id":"https:\/\/www.surfingtheplanet.com\/it\/creazione-contenuti\/#breadcrumb"},"inLanguage":"it-IT","potentialAction":[{"@type":"ReadAction","target":["https:\/\/www.surfingtheplanet.com\/it\/creazione-contenuti\/"]}]},{"@type":"BreadcrumbList","@id":"https:\/\/www.surfingtheplanet.com\/it\/creazione-contenuti\/#breadcrumb","itemListElement":[{"@type":"ListItem","position":1,"name":"Home","item":"https:\/\/www.surfingtheplanet.com\/it\/"},{"@type":"ListItem","position":2,"name":"Collaborazione con mezzi di comunicazione"}]},{"@type":"WebSite","@id":"https:\/\/www.surfingtheplanet.com\/#website","url":"https:\/\/www.surfingtheplanet.com\/","name":"Surfing the Planet","description":"Blog de viajes. Escapadas y grandes viajes","publisher":{"@id":"https:\/\/www.surfingtheplanet.com\/#organization"},"potentialAction":[{"@type":"SearchAction","target":{"@type":"EntryPoint","urlTemplate":"https:\/\/www.surfingtheplanet.com\/?s={search_term_string}"},"query-input":{"@type":"PropertyValueSpecification","valueRequired":true,"valueName":"search_term_string"}}],"inLanguage":"it-IT"},{"@type":"Organization","@id":"https:\/\/www.surfingtheplanet.com\/#organization","name":"Surfing the Planet","url":"https:\/\/www.surfingtheplanet.com\/","logo":{"@type":"ImageObject","inLanguage":"it-IT","@id":"https:\/\/www.surfingtheplanet.com\/#\/schema\/logo\/image\/","url":"https:\/\/cdn.surfingtheplanet.com\/wp-content\/uploads\/2014\/03\/logo_newlayout21.png?strip=all","contentUrl":"https:\/\/cdn.surfingtheplanet.com\/wp-content\/uploads\/2014\/03\/logo_newlayout21.png?strip=all","width":570,"height":110,"caption":"Surfing the Planet"},"image":{"@id":"https:\/\/www.surfingtheplanet.com\/#\/schema\/logo\/image\/"},"sameAs":["https:\/\/www.facebook.com\/surfingtheplanet","https:\/\/x.com\/surfingplanet","https:\/\/www.instagram.com\/surfingplanet\/","https:\/\/www.pinterest.com\/surfingplanet","https:\/\/www.youtube.com\/user\/SurfingThePlanet"]}]}},"_links":{"self":[{"href":"https:\/\/www.surfingtheplanet.com\/it\/wp-json\/wp\/v2\/pages\/14019","targetHints":{"allow":["GET"]}}],"collection":[{"href":"https:\/\/www.surfingtheplanet.com\/it\/wp-json\/wp\/v2\/pages"}],"about":[{"href":"https:\/\/www.surfingtheplanet.com\/it\/wp-json\/wp\/v2\/types\/page"}],"author":[{"embeddable":true,"href":"https:\/\/www.surfingtheplanet.com\/it\/wp-json\/wp\/v2\/users\/3"}],"replies":[{"embeddable":true,"href":"https:\/\/www.surfingtheplanet.com\/it\/wp-json\/wp\/v2\/comments?post=14019"}],"version-history":[{"count":0,"href":"https:\/\/www.surfingtheplanet.com\/it\/wp-json\/wp\/v2\/pages\/14019\/revisions"}],"wp:attachment":[{"href":"https:\/\/www.surfingtheplanet.com\/it\/wp-json\/wp\/v2\/media?parent=14019"}],"curies":[{"name":"wp","href":"https:\/\/api.w.org\/{rel}","templated":true}]}}