{"id":32015,"date":"2019-03-27T12:26:48","date_gmt":"2019-03-27T11:26:48","guid":{"rendered":"https:\/\/www.surfingtheplanet.com\/?page_id=32015"},"modified":"2019-03-29T15:41:37","modified_gmt":"2019-03-29T14:41:37","slug":"home","status":"publish","type":"page","link":"https:\/\/www.surfingtheplanet.com\/it\/","title":{"rendered":"Blog di Viaggi &#8211; Weekend e Grandi Viaggi"},"content":{"rendered":"<h2>\n\t\tScoprire\n\t<\/h2>\n\t<p>Informazioni dettagliate per pianificare il tuoi fine settimana e road trips<\/p>\n\t<a href=\"\/tag\/itinerario-viaje\/\" target=\"_self\"  rel=\"noopener noreferrer\"><\/a>\n\t\t<h3>ITINERARI DI VIAGGIO<\/h3>\n\t<a href=\"\/tag\/guia-viaje\/\" target=\"_self\"  rel=\"noopener noreferrer\"><\/a>\n\t\t<h3>GUIDE DI VIAGGIO<\/h3>\n\t<a href=\"\/tag\/que-hacer\/\" target=\"_self\"  rel=\"noopener noreferrer\"><\/a>\n\t\t<h3>COSA VEDERE E COSA FARE<\/h3>\n<h2>\n\t\tStili di viaggio\n\t<\/h2>\n\t<p>Sceglie il tipo di viaggio che preferisci e consulta i nostri articoli.<\/p>\n\t<a href=\"\/it\/tag\/diario-giro-del-mondo\/\" target=\"_self\"  rel=\"noopener noreferrer\"><\/a>\n\t\t<h3>GIRO ATTORNO AL MONDO<\/h3>\n\t<a href=\"\/it\/tag\/mini-vacanza\/\" target=\"_self\"  rel=\"noopener noreferrer\"><\/a>\n\t\t<h3>MINI VACANZE<\/h3>\n\t<a href=\"\/it\/tag\/viaggio-fotografico\" target=\"_self\"  rel=\"noopener noreferrer\"><\/a>\n\t\t<h3>VIAGGIO FOTOGRAFICO<\/h3>\n<h2>\n\t\tConsigli di viaggio\n\t<\/h2>\n\t<p>Tutti i nostri consigli per i tuoi viaggi.<\/p>\n\t<a href=\"\/tag\/hoteles-con-encanto-y-de-diseno\/\" target=\"_self\"  rel=\"noopener noreferrer\"><\/a>\n\t\t<h3>HOTEL DI CHARME E DESIGN<\/h3>\n\t<a href=\"\/tag\/como-moverse\/\" target=\"_self\"  rel=\"noopener noreferrer\"><\/a>\n\t\t<h3>COME MUOVERSI<\/h3>\n\t<a href=\"https:\/\/www.surfingtheplanet.com\/it\/tag\/consigli-di-viaggio\/\" target=\"_self\"  rel=\"noopener noreferrer\"><\/a>\n\t\t<h3>CONSIGLI DI VIAGGIO<\/h3>\n<h2>\n\t\tSu di noi\n\t<\/h2>\n\t<p>Siamo due viaggiatori pazzi, che amano viaggiare con lo zaino sulle spalle e scoprire ogni angolo del mondo perch\u00e9 ogni luogo vale la pena di essere conosciuto, perch\u00e9 non c&#8217;\u00e8 luogo che non abbia fascino.<\/p>\n<p>Quando viaggiamo, cerchiamo di vivere i luoghi come locali, conoscere le diverse culture, tradizioni e cibi e, se possibile, amiamo vivere con la gente del posto. Abbiamo visto molti paesaggi incredibili, citt\u00e0 emozionanti, ma quello che ci piace davvero \u00e8 scoprire angoli insoliti ed \u00e8 quello che cerchiamo di trovare ovunque.<\/p>\n\t\t\t<a href=\"\/it\/chi-siamo\/\" target=\"_self\" role=\"button\" rel=\"noopener noreferrer\">\n\t\t\t\t\t\t\tCONOSCICI MEGLIO\n\t\t\t\t\t<\/a>\n<h2>\n\t\tUltimi articoli\n\t<\/h2>\n\t\t\t\t\t\t\t\t\t\t\t\t\t\t<a href=\"https:\/\/www.surfingtheplanet.com\/it\/come-organizzare-viaggio-lungo\/\" target=\"_self\"  title=\"Come organizzare un viaggio lungo &#8211; Mini guida con molti consigli\" rel=\"noopener noreferrer\">\n\t\t\t\t<img decoding=\"async\" src=\"https:\/\/cdn.surfingtheplanet.com\/wp-content\/uploads\/2012\/01\/como-organizar-consejos-viaje-largo-300x200.jpg?strip=all\" alt=\"C\u00f3mo organizar un viaje largo\" \/>\n\t\t\t\t<\/a>\n\t\t\t\t\t\t<h3>\n\t\t\t\t<a href=https:\/\/www.surfingtheplanet.com\/it\/come-organizzare-viaggio-lungo\/ title=\"Come organizzare un viaggio lungo &#8211; Mini guida con molti consigli\" tabindex=\"0\">Come organizzare un viaggio lungo &#8211; Mini guida con molti consigli<\/a>\t\t\t<\/h3>\n\t\t\t\t\t\t\t\tFare il giro del mondo \u00e8 stata una delle pi\u00f9 grandi avventure che abbiamo mai fatto. Fare il giro del mondo o semplicemente fare un lungo viaggio \u00e8 un&#8217;esperienza incredibile, ma ha bisogno di molta organizzazione. In questo post vogliamo darti tutti i consigli che avremmo voluto trovare quando abbiamo organizzato il nostro viaggio. Dall&#8217;acquisto [&hellip;]\n\t\t\t<a href=\"https:\/\/www.surfingtheplanet.com\/it\/come-organizzare-viaggio-lungo\/\" target=\"_self\"   role=\"button\" rel=\"noopener noreferrer\">\n\t\t\t\t\t\t\tLeggi tutto\n\t\t<\/a>\n\t\t\t\t\t\t\t\t\t\t\t\t\t\t<a href=\"https:\/\/www.surfingtheplanet.com\/it\/visitare-bruges-o-gent\/\" target=\"_self\"  title=\"Bruges o Gent?\" rel=\"noopener noreferrer\">\n\t\t\t\t<img decoding=\"async\" src=\"https:\/\/cdn.surfingtheplanet.com\/wp-content\/uploads\/2018\/08\/bruges-o-gent-belgio-300x200.jpg?strip=all\" alt=\"Bruges o Gent, Belgio\" \/>\n\t\t\t\t<\/a>\n\t\t\t\t\t\t<h3>\n\t\t\t\t<a href=https:\/\/www.surfingtheplanet.com\/it\/visitare-bruges-o-gent\/ title=\"Bruges o Gent?\" tabindex=\"0\">Bruges o Gent?<\/a>\t\t\t<\/h3>\n\t\t\t\t\t\t\t\tPrima di viaggiare alle Fiandre ci siamo documentati un bel po&#8217; ed abbiamo letto diversi articoli on-line su Bruges e Gent, le due citt\u00e0 belghe che volevamo visitare.\u00a0E\u2019 stato divertente leggere alcune discussioni di persone sulla loro preferenza per una o l&#8217;altra delle due citt\u00e0 fiamminghe. Non siamo soliti confrontare luoghi ne fare statistiche ed [&hellip;]\n\t\t\t<a href=\"https:\/\/www.surfingtheplanet.com\/it\/visitare-bruges-o-gent\/\" target=\"_self\"   role=\"button\" rel=\"noopener noreferrer\">\n\t\t\t\t\t\t\tLeggi tutto\n\t\t<\/a>\n\t\t\t\t\t\t\t\t\t\t\t\t\t\t<a href=\"https:\/\/www.surfingtheplanet.com\/it\/vienna-due-tre-giorni-luoghi-imprescindibili\/\" target=\"_self\"  title=\"Vienna in due o tre giorni &#8211; Luoghi imprescindibili da visitare nella capitale austriaca\" rel=\"noopener noreferrer\">\n\t\t\t\t<img decoding=\"async\" src=\"https:\/\/cdn.surfingtheplanet.com\/wp-content\/uploads\/2018\/04\/vista-cabina-noria-viena-300x199.jpg?strip=all\" alt=\"Vista desde la Noria, Parque del Prater, Viena\" \/>\n\t\t\t\t<\/a>\n\t\t\t\t\t\t<h3>\n\t\t\t\t<a href=https:\/\/www.surfingtheplanet.com\/it\/vienna-due-tre-giorni-luoghi-imprescindibili\/ title=\"Vienna in due o tre giorni &#8211; Luoghi imprescindibili da visitare nella capitale austriaca\" tabindex=\"0\">Vienna in due o tre giorni &#8211; Luoghi imprescindibili da visitare nella capitale austriaca<\/a>\t\t\t<\/h3>\n\t\t\t\t\t\t\t\tState pensando di visitare Vienna e vi piacerebbe sapere cosa vedere a Vienna in due o tre giorni? Da qualche anno Vienna si trova sempre tra le prime 3 citt\u00e0 europee con la migliore qualit\u00e0 di vita. E&#8217; una citt\u00e0 con moltissime cose da fare e da vedere tanto che \u00e8 parecchio difficile vederla bene [&hellip;]\n\t\t\t<a href=\"https:\/\/www.surfingtheplanet.com\/it\/vienna-due-tre-giorni-luoghi-imprescindibili\/\" target=\"_self\"   role=\"button\" rel=\"noopener noreferrer\">\n\t\t\t\t\t\t\tLeggi tutto\n\t\t<\/a>\n\t\t\t\t<img decoding=\"async\" src=\"https:\/\/cdn.surfingtheplanet.com\/wp-content\/uploads\/2019\/03\/newsletter.jpg?strip=all&resize=1200%2C797\" alt=\"Newsletter\" itemprop=\"image\" height=\"797\" width=\"1200\" title=\"Green Lagoon in Lencois Maranheses, Brazil\" onerror=\"this.style.display='none'\"  \/>\n\t\n","protected":false},"excerpt":{"rendered":"<p>Scoprire Informazioni dettagliate per pianificare il tuoi fine settimana e road trips ITINERARI DI VIAGGIO GUIDE DI VIAGGIO COSA VEDERE E COSA FARE Stili di viaggio Sceglie il tipo di viaggio che preferisci e consulta i nostri articoli. GIRO ATTORNO AL MONDO MINI VACANZE VIAGGIO FOTOGRAFICO Consigli di viaggio Tutti i nostri consigli per i [&hellip;]<\/p>\n","protected":false},"author":13,"featured_media":0,"parent":0,"menu_order":0,"comment_status":"closed","ping_status":"closed","template":"","meta":{"_genesis_hide_title":false,"_genesis_hide_breadcrumbs":false,"_genesis_hide_singular_image":false,"_genesis_hide_footer_widgets":false,"_genesis_custom_body_class":"","_genesis_custom_post_class":"","_genesis_layout":"full-width-content","footnotes":""},"class_list":{"0":"post-32015","1":"page","2":"type-page","3":"status-publish","5":"entry","6":"has-post-thumbnail"},"yoast_head":"<!-- This site is optimized with the Yoast SEO plugin v27.3 - https:\/\/yoast.com\/product\/yoast-seo-wordpress\/ -->\n<title>Blog di Viaggi, Giro del Mondo, Mini Vacanze e Fotografia<\/title>\n<meta name=\"description\" content=\"Blog di Viaggi, giro del mondo, mini vacanze, weekend romantico e fotografia. Consigli di viaggio in Asia, America del Sud e Europa.\" \/>\n<meta name=\"robots\" content=\"index, follow, max-snippet:-1, max-image-preview:large, max-video-preview:-1\" \/>\n<link rel=\"canonical\" href=\"https:\/\/www.surfingtheplanet.com\/it\/\" \/>\n<meta property=\"og:locale\" content=\"it_IT\" \/>\n<meta property=\"og:type\" content=\"article\" \/>\n<meta property=\"og:title\" content=\"Blog di Viaggi, Giro del Mondo, Mini Vacanze e Fotografia\" \/>\n<meta property=\"og:description\" content=\"Blog di Viaggi, giro del mondo, mini vacanze, weekend romantico e fotografia. Consigli di viaggio in Asia, America del Sud e Europa.\" \/>\n<meta property=\"og:url\" content=\"https:\/\/www.surfingtheplanet.com\/it\/\" \/>\n<meta property=\"og:site_name\" content=\"Surfing the Planet\" \/>\n<meta property=\"article:publisher\" content=\"https:\/\/www.facebook.com\/surfingtheplanet\" \/>\n<meta property=\"article:modified_time\" content=\"2019-03-29T14:41:37+00:00\" \/>\n<meta property=\"og:image\" content=\"https:\/\/www.surfingtheplanet.com\/wp-content\/uploads\/2012\/01\/como-organizar-consejos-viaje-largo-300x200.jpg\" \/>\n<meta name=\"twitter:card\" content=\"summary_large_image\" \/>\n<meta name=\"twitter:site\" content=\"@surfingplanet\" \/>\n<meta name=\"twitter:label1\" content=\"Tempo di lettura stimato\" \/>\n\t<meta name=\"twitter:data1\" content=\"2 minuti\" \/>\n<script type=\"application\/ld+json\" class=\"yoast-schema-graph\">{\"@context\":\"https:\\\/\\\/schema.org\",\"@graph\":[{\"@type\":\"WebPage\",\"@id\":\"https:\\\/\\\/www.surfingtheplanet.com\\\/it\\\/\",\"url\":\"https:\\\/\\\/www.surfingtheplanet.com\\\/it\\\/\",\"name\":\"Blog di Viaggi, Giro del Mondo, Mini Vacanze e Fotografia\",\"isPartOf\":{\"@id\":\"https:\\\/\\\/www.surfingtheplanet.com\\\/#website\"},\"primaryImageOfPage\":{\"@id\":\"https:\\\/\\\/www.surfingtheplanet.com\\\/it\\\/#primaryimage\"},\"image\":{\"@id\":\"https:\\\/\\\/www.surfingtheplanet.com\\\/it\\\/#primaryimage\"},\"thumbnailUrl\":\"https:\\\/\\\/www.surfingtheplanet.com\\\/wp-content\\\/uploads\\\/2012\\\/01\\\/como-organizar-consejos-viaje-largo-300x200.jpg\",\"datePublished\":\"2019-03-27T11:26:48+00:00\",\"dateModified\":\"2019-03-29T14:41:37+00:00\",\"description\":\"Blog di Viaggi, giro del mondo, mini vacanze, weekend romantico e fotografia. Consigli di viaggio in Asia, America del Sud e Europa.\",\"breadcrumb\":{\"@id\":\"https:\\\/\\\/www.surfingtheplanet.com\\\/it\\\/#breadcrumb\"},\"inLanguage\":\"it-IT\",\"potentialAction\":[{\"@type\":\"ReadAction\",\"target\":[\"https:\\\/\\\/www.surfingtheplanet.com\\\/it\\\/\"]}]},{\"@type\":\"ImageObject\",\"inLanguage\":\"it-IT\",\"@id\":\"https:\\\/\\\/www.surfingtheplanet.com\\\/it\\\/#primaryimage\",\"url\":\"https:\\\/\\\/www.surfingtheplanet.com\\\/wp-content\\\/uploads\\\/2012\\\/01\\\/como-organizar-consejos-viaje-largo-300x200.jpg\",\"contentUrl\":\"https:\\\/\\\/www.surfingtheplanet.com\\\/wp-content\\\/uploads\\\/2012\\\/01\\\/como-organizar-consejos-viaje-largo-300x200.jpg\"},{\"@type\":\"BreadcrumbList\",\"@id\":\"https:\\\/\\\/www.surfingtheplanet.com\\\/it\\\/#breadcrumb\",\"itemListElement\":[{\"@type\":\"ListItem\",\"position\":1,\"name\":\"Home\",\"item\":\"https:\\\/\\\/www.surfingtheplanet.com\\\/it\\\/\"},{\"@type\":\"ListItem\",\"position\":2,\"name\":\"Blog di Viaggi &#8211; Weekend e Grandi Viaggi\"}]},{\"@type\":\"WebSite\",\"@id\":\"https:\\\/\\\/www.surfingtheplanet.com\\\/#website\",\"url\":\"https:\\\/\\\/www.surfingtheplanet.com\\\/\",\"name\":\"Surfing the Planet\",\"description\":\"Blog de viajes. Escapadas y grandes viajes\",\"publisher\":{\"@id\":\"https:\\\/\\\/www.surfingtheplanet.com\\\/#organization\"},\"potentialAction\":[{\"@type\":\"SearchAction\",\"target\":{\"@type\":\"EntryPoint\",\"urlTemplate\":\"https:\\\/\\\/www.surfingtheplanet.com\\\/?s={search_term_string}\"},\"query-input\":{\"@type\":\"PropertyValueSpecification\",\"valueRequired\":true,\"valueName\":\"search_term_string\"}}],\"inLanguage\":\"it-IT\"},{\"@type\":\"Organization\",\"@id\":\"https:\\\/\\\/www.surfingtheplanet.com\\\/#organization\",\"name\":\"Surfing the Planet\",\"url\":\"https:\\\/\\\/www.surfingtheplanet.com\\\/\",\"logo\":{\"@type\":\"ImageObject\",\"inLanguage\":\"it-IT\",\"@id\":\"https:\\\/\\\/www.surfingtheplanet.com\\\/#\\\/schema\\\/logo\\\/image\\\/\",\"url\":\"https:\\\/\\\/cdn.surfingtheplanet.com\\\/wp-content\\\/uploads\\\/2014\\\/03\\\/logo_newlayout21.png?strip=all\",\"contentUrl\":\"https:\\\/\\\/cdn.surfingtheplanet.com\\\/wp-content\\\/uploads\\\/2014\\\/03\\\/logo_newlayout21.png?strip=all\",\"width\":570,\"height\":110,\"caption\":\"Surfing the Planet\"},\"image\":{\"@id\":\"https:\\\/\\\/www.surfingtheplanet.com\\\/#\\\/schema\\\/logo\\\/image\\\/\"},\"sameAs\":[\"https:\\\/\\\/www.facebook.com\\\/surfingtheplanet\",\"https:\\\/\\\/x.com\\\/surfingplanet\",\"https:\\\/\\\/www.instagram.com\\\/surfingplanet\\\/\",\"https:\\\/\\\/www.pinterest.com\\\/surfingplanet\",\"https:\\\/\\\/www.youtube.com\\\/user\\\/SurfingThePlanet\"]}]}<\/script>\n<!-- \/ Yoast SEO plugin. -->","yoast_head_json":{"title":"Blog di Viaggi, Giro del Mondo, Mini Vacanze e Fotografia","description":"Blog di Viaggi, giro del mondo, mini vacanze, weekend romantico e fotografia. Consigli di viaggio in Asia, America del Sud e Europa.","robots":{"index":"index","follow":"follow","max-snippet":"max-snippet:-1","max-image-preview":"max-image-preview:large","max-video-preview":"max-video-preview:-1"},"canonical":"https:\/\/www.surfingtheplanet.com\/it\/","og_locale":"it_IT","og_type":"article","og_title":"Blog di Viaggi, Giro del Mondo, Mini Vacanze e Fotografia","og_description":"Blog di Viaggi, giro del mondo, mini vacanze, weekend romantico e fotografia. Consigli di viaggio in Asia, America del Sud e Europa.","og_url":"https:\/\/www.surfingtheplanet.com\/it\/","og_site_name":"Surfing the Planet","article_publisher":"https:\/\/www.facebook.com\/surfingtheplanet","article_modified_time":"2019-03-29T14:41:37+00:00","og_image":[{"url":"https:\/\/www.surfingtheplanet.com\/wp-content\/uploads\/2012\/01\/como-organizar-consejos-viaje-largo-300x200.jpg","type":"","width":"","height":""}],"twitter_card":"summary_large_image","twitter_site":"@surfingplanet","twitter_misc":{"Tempo di lettura stimato":"2 minuti"},"schema":{"@context":"https:\/\/schema.org","@graph":[{"@type":"WebPage","@id":"https:\/\/www.surfingtheplanet.com\/it\/","url":"https:\/\/www.surfingtheplanet.com\/it\/","name":"Blog di Viaggi, Giro del Mondo, Mini Vacanze e Fotografia","isPartOf":{"@id":"https:\/\/www.surfingtheplanet.com\/#website"},"primaryImageOfPage":{"@id":"https:\/\/www.surfingtheplanet.com\/it\/#primaryimage"},"image":{"@id":"https:\/\/www.surfingtheplanet.com\/it\/#primaryimage"},"thumbnailUrl":"https:\/\/www.surfingtheplanet.com\/wp-content\/uploads\/2012\/01\/como-organizar-consejos-viaje-largo-300x200.jpg","datePublished":"2019-03-27T11:26:48+00:00","dateModified":"2019-03-29T14:41:37+00:00","description":"Blog di Viaggi, giro del mondo, mini vacanze, weekend romantico e fotografia. Consigli di viaggio in Asia, America del Sud e Europa.","breadcrumb":{"@id":"https:\/\/www.surfingtheplanet.com\/it\/#breadcrumb"},"inLanguage":"it-IT","potentialAction":[{"@type":"ReadAction","target":["https:\/\/www.surfingtheplanet.com\/it\/"]}]},{"@type":"ImageObject","inLanguage":"it-IT","@id":"https:\/\/www.surfingtheplanet.com\/it\/#primaryimage","url":"https:\/\/www.surfingtheplanet.com\/wp-content\/uploads\/2012\/01\/como-organizar-consejos-viaje-largo-300x200.jpg","contentUrl":"https:\/\/www.surfingtheplanet.com\/wp-content\/uploads\/2012\/01\/como-organizar-consejos-viaje-largo-300x200.jpg"},{"@type":"BreadcrumbList","@id":"https:\/\/www.surfingtheplanet.com\/it\/#breadcrumb","itemListElement":[{"@type":"ListItem","position":1,"name":"Home","item":"https:\/\/www.surfingtheplanet.com\/it\/"},{"@type":"ListItem","position":2,"name":"Blog di Viaggi &#8211; Weekend e Grandi Viaggi"}]},{"@type":"WebSite","@id":"https:\/\/www.surfingtheplanet.com\/#website","url":"https:\/\/www.surfingtheplanet.com\/","name":"Surfing the Planet","description":"Blog de viajes. Escapadas y grandes viajes","publisher":{"@id":"https:\/\/www.surfingtheplanet.com\/#organization"},"potentialAction":[{"@type":"SearchAction","target":{"@type":"EntryPoint","urlTemplate":"https:\/\/www.surfingtheplanet.com\/?s={search_term_string}"},"query-input":{"@type":"PropertyValueSpecification","valueRequired":true,"valueName":"search_term_string"}}],"inLanguage":"it-IT"},{"@type":"Organization","@id":"https:\/\/www.surfingtheplanet.com\/#organization","name":"Surfing the Planet","url":"https:\/\/www.surfingtheplanet.com\/","logo":{"@type":"ImageObject","inLanguage":"it-IT","@id":"https:\/\/www.surfingtheplanet.com\/#\/schema\/logo\/image\/","url":"https:\/\/cdn.surfingtheplanet.com\/wp-content\/uploads\/2014\/03\/logo_newlayout21.png?strip=all","contentUrl":"https:\/\/cdn.surfingtheplanet.com\/wp-content\/uploads\/2014\/03\/logo_newlayout21.png?strip=all","width":570,"height":110,"caption":"Surfing the Planet"},"image":{"@id":"https:\/\/www.surfingtheplanet.com\/#\/schema\/logo\/image\/"},"sameAs":["https:\/\/www.facebook.com\/surfingtheplanet","https:\/\/x.com\/surfingplanet","https:\/\/www.instagram.com\/surfingplanet\/","https:\/\/www.pinterest.com\/surfingplanet","https:\/\/www.youtube.com\/user\/SurfingThePlanet"]}]}},"_links":{"self":[{"href":"https:\/\/www.surfingtheplanet.com\/it\/wp-json\/wp\/v2\/pages\/32015","targetHints":{"allow":["GET"]}}],"collection":[{"href":"https:\/\/www.surfingtheplanet.com\/it\/wp-json\/wp\/v2\/pages"}],"about":[{"href":"https:\/\/www.surfingtheplanet.com\/it\/wp-json\/wp\/v2\/types\/page"}],"author":[{"embeddable":true,"href":"https:\/\/www.surfingtheplanet.com\/it\/wp-json\/wp\/v2\/users\/13"}],"replies":[{"embeddable":true,"href":"https:\/\/www.surfingtheplanet.com\/it\/wp-json\/wp\/v2\/comments?post=32015"}],"version-history":[{"count":0,"href":"https:\/\/www.surfingtheplanet.com\/it\/wp-json\/wp\/v2\/pages\/32015\/revisions"}],"wp:attachment":[{"href":"https:\/\/www.surfingtheplanet.com\/it\/wp-json\/wp\/v2\/media?parent=32015"}],"curies":[{"name":"wp","href":"https:\/\/api.w.org\/{rel}","templated":true}]}}